{"id":62,"date":"2020-04-16T17:15:54","date_gmt":"2020-04-16T15:15:54","guid":{"rendered":"http:\/\/associationsara.com\/?page_id=62"},"modified":"2025-02-23T17:48:28","modified_gmt":"2025-02-23T16:48:28","slug":"les-deux-types-de-parcours-daccompagnement","status":"publish","type":"page","link":"https:\/\/associationsara.com\/?page_id=62","title":{"rendered":"Les cycles d&rsquo;accompagnement"},"content":{"rendered":"\t\t<div data-elementor-type=\"wp-page\" data-elementor-id=\"62\" class=\"elementor elementor-62\">\n\t\t\t\t\t\t\t\t\t<section class=\"elementor-section elementor-top-section elementor-element elementor-element-d7f1354 elementor-section-boxed elementor-section-height-default elementor-section-height-default\" data-id=\"d7f1354\" data-element_type=\"section\">\n\t\t\t\t\t\t<div class=\"elementor-container elementor-column-gap-default\">\n\t\t\t\t\t<div class=\"elementor-column elementor-col-100 elementor-top-column elementor-element elementor-element-c36cf82\" data-id=\"c36cf82\" data-element_type=\"column\">\n\t\t\t<div class=\"elementor-widget-wrap elementor-element-populated\">\n\t\t\t\t\t\t\t\t<div class=\"elementor-element elementor-element-3cdf7b3 elementor-widget elementor-widget-text-editor\" data-id=\"3cdf7b3\" data-element_type=\"widget\" data-widget_type=\"text-editor.default\">\n\t\t\t\t<div class=\"elementor-widget-container\">\n\t\t\t\t\t\t\t<h2>LES CYCLES D&rsquo;ACCOMPAGNEMENT INDIVIDUEL<\/h2>\n<p>Ces cycles d&rsquo;accompagnement sont propos\u00e9es \u00e0 tous ceux qui dans leur parcours de vie ont connu une rupture, une maladie, un traumatisme.&nbsp;<\/p>\n<p>Plusieurs types d&rsquo;accompagnements peuvent \u00eatre propos\u00e9s. Tous nos accompagnements s<span style=\"color: var( --e-global-color-text ); font-family: var( --e-global-typography-text-font-family ), Sans-serif; font-weight: var( --e-global-typography-text-font-weight ); letter-spacing: 0px;\">ont adapt\u00e9s en fonctions des probl\u00e9matiques et besoins de chacun.&nbsp;&nbsp;<\/span><\/p>\n<p><span style=\"color: var( --e-global-color-text ); font-family: var( --e-global-typography-text-font-family ), Sans-serif; font-weight: var( --e-global-typography-text-font-weight ); letter-spacing: 0px;\">Ils r\u00e9pondent aux objectifs suivants :<\/span><\/p>\n<p><img decoding=\"async\" loading=\"lazy\" class=\"size-full wp-image-396 alignleft\" src=\"https:\/\/associationsara.com\/wp-content\/uploads\/2020\/05\/fleche-e1675791860599.png\" alt=\"\" width=\"50\" height=\"64\">Travailler sur les \u00e9motions avec l&rsquo;intelligence \u00e9motionnelle<\/p>\n<p>Se donner de la valeur,&nbsp; structurer ses pens\u00e9es, reconna\u00eetre ses besoins&nbsp;<\/p>\n<p><img decoding=\"async\" loading=\"lazy\" class=\"size-full wp-image-396 alignleft\" src=\"https:\/\/associationsara.com\/wp-content\/uploads\/2020\/05\/fleche-e1675791860599.png\" alt=\"une fl\u00e9che pour pointer le texte \" width=\"50\" height=\"64\"> Trouver ses ressources<\/p>\n<p>Structurer et organiser son retour &#8211; ou &#8211; sa recherche d&#8217;emploi&nbsp;<\/p>\n<p><img decoding=\"async\" loading=\"lazy\" class=\"size-full wp-image-396 alignleft\" src=\"https:\/\/associationsara.com\/wp-content\/uploads\/2020\/05\/fleche-e1675791860599.png\" alt=\"une fl\u00e9che pour pointer le texte\" width=\"50\" height=\"64\"><\/p>\n<p>Trouver un \u00e9quilibre entre vie personnelle et professionnelle<\/p>\n<p>Favoriser la communication avec autrui&nbsp;<\/p>\n<p><\/p>\n<p>T\u00e9moignages :<\/p>\n<div style=\"width: 432px;\" class=\"wp-video\"><!--[if lt IE 9]><script>document.createElement('video');<\/script><![endif]-->\n<video class=\"wp-video-shortcode\" id=\"video-62-1\" width=\"432\" height=\"540\" preload=\"metadata\" controls=\"controls\"><source type=\"video\/mp4\" src=\"https:\/\/associationsara.com\/wp-content\/uploads\/2025\/02\/SARA_Capsule-2_V2_TBD.mp4?_=1\" \/><a href=\"https:\/\/associationsara.com\/wp-content\/uploads\/2025\/02\/SARA_Capsule-2_V2_TBD.mp4\">https:\/\/associationsara.com\/wp-content\/uploads\/2025\/02\/SARA_Capsule-2_V2_TBD.mp4<\/a><\/video><\/div>\t\t\t\t\t\t<\/div>\n\t\t\t\t<\/div>\n\t\t\t\t\t<\/div>\n\t\t<\/div>\n\t\t\t\t\t\t\t<\/div>\n\t\t<\/section>\n\t\t\t\t<section class=\"elementor-section elementor-top-section elementor-element elementor-element-11397dd elementor-section-boxed elementor-section-height-default elementor-section-height-default\" data-id=\"11397dd\" data-element_type=\"section\">\n\t\t\t\t\t\t<div class=\"elementor-container elementor-column-gap-default\">\n\t\t\t\t\t<div class=\"elementor-column elementor-col-100 elementor-top-column elementor-element elementor-element-30803dc\" data-id=\"30803dc\" data-element_type=\"column\">\n\t\t\t<div class=\"elementor-widget-wrap elementor-element-populated\">\n\t\t\t\t\t\t\t\t<div class=\"elementor-element elementor-element-146e808 elementor-widget elementor-widget-text-editor\" data-id=\"146e808\" data-element_type=\"widget\" data-widget_type=\"text-editor.default\">\n\t\t\t\t<div class=\"elementor-widget-container\">\n\t\t\t\t\t\t\t<h6><em><strong style=\"color: var( --e-global-color-text ); font-family: var( --e-global-typography-text-font-family ), Sans-serif; font-size: 16px; letter-spacing: 0px;\">Pour contribuer et permettre \u00e0 d&rsquo;autres de pouvoir aussi suivre ces cycles d&rsquo;accompagnement, nous demandons une participation sous forme de don libre.<\/strong><\/em><span style=\"font-size: 16px;\"><br \/><\/span><\/h6><p><span style=\"color: var( --e-global-color-text ); font-family: var( --e-global-typography-text-font-family ), Sans-serif; letter-spacing: 0px;\">Vous \u00eates un proche, vous pouvez faire un DON cadeau &#8211;\u00a0<\/span><span style=\"color: var( --e-global-color-text ); font-family: var( --e-global-typography-text-font-family ), Sans-serif; letter-spacing: 0px;\">Plus d&rsquo;info : alexandra.jover@associationsara.com\u00a0<\/span><\/p>\t\t\t\t\t\t<\/div>\n\t\t\t\t<\/div>\n\t\t\t\t\t<\/div>\n\t\t<\/div>\n\t\t\t\t\t\t\t<\/div>\n\t\t<\/section>\n\t\t\t\t<section class=\"elementor-section elementor-top-section elementor-element elementor-element-3bc66b3 elementor-section-boxed elementor-section-height-default elementor-section-height-default\" data-id=\"3bc66b3\" data-element_type=\"section\">\n\t\t\t\t\t\t<div class=\"elementor-container elementor-column-gap-default\">\n\t\t\t\t\t<div class=\"elementor-column elementor-col-100 elementor-top-column elementor-element elementor-element-8f18091\" data-id=\"8f18091\" data-element_type=\"column\">\n\t\t\t<div class=\"elementor-widget-wrap elementor-element-populated\">\n\t\t\t\t\t\t\t\t<div class=\"elementor-element elementor-element-8fe1f30 elementor-widget elementor-widget-button\" data-id=\"8fe1f30\" data-element_type=\"widget\" data-widget_type=\"button.default\">\n\t\t\t\t<div class=\"elementor-widget-container\">\n\t\t\t\t\t<div class=\"elementor-button-wrapper\">\n\t\t\t<a class=\"elementor-button elementor-button-link elementor-size-sm\" href=\"https:\/\/www.helloasso.com\/associations\/association-sara\/formulaires\/1\">\n\t\t\t\t\t\t<span class=\"elementor-button-content-wrapper\">\n\t\t\t\t\t\t<span class=\"elementor-button-text\">Faire un don libre <\/span>\n\t\t<\/span>\n\t\t\t\t\t<\/a>\n\t\t<\/div>\n\t\t\t\t<\/div>\n\t\t\t\t<\/div>\n\t\t\t\t<div class=\"elementor-element elementor-element-b8ea847 elementor-widget elementor-widget-menu-anchor\" data-id=\"b8ea847\" data-element_type=\"widget\" data-widget_type=\"menu-anchor.default\">\n\t\t\t\t<div class=\"elementor-widget-container\">\n\t\t\t\t\t<div id=\"ateliercolpart\" class=\"elementor-menu-anchor\"><\/div>\n\t\t\t\t<\/div>\n\t\t\t\t<\/div>\n\t\t\t\t<div class=\"elementor-element elementor-element-8572591 elementor-widget-divider--view-line elementor-widget elementor-widget-divider\" data-id=\"8572591\" data-element_type=\"widget\" data-widget_type=\"divider.default\">\n\t\t\t\t<div class=\"elementor-widget-container\">\n\t\t\t\t\t<div class=\"elementor-divider\">\n\t\t\t<span class=\"elementor-divider-separator\">\n\t\t\t\t\t\t<\/span>\n\t\t<\/div>\n\t\t\t\t<\/div>\n\t\t\t\t<\/div>\n\t\t\t\t<div class=\"elementor-element elementor-element-8c55a8b elementor-widget elementor-widget-text-editor\" data-id=\"8c55a8b\" data-element_type=\"widget\" data-widget_type=\"text-editor.default\">\n\t\t\t\t<div class=\"elementor-widget-container\">\n\t\t\t\t\t\t\t<h1 style=\"letter-spacing: normal;\">LES CYCLES D&rsquo;ACCOMPAGNEMENT COLLECTIF<\/h1>\n<div>Nous organisons en fonction de la demande, des ateliers collectifs sur les th\u00e8mes suivants. Certains ateliers se font directement dans les centres hospitaliers lyonnais ou alentours. Certains peuvent se faire \u00e0 distance, via notre plateforme partenaire UniVers K by Kolivi.<\/div>\n<div>&nbsp;<\/div>\n<div><img decoding=\"async\" loading=\"lazy\" class=\"size-full wp-image-396 alignleft\" src=\"https:\/\/associationsara.com\/wp-content\/uploads\/2020\/05\/fleche-e1675791860599.png\" alt=\"une fl\u00e9che pour pointer le texte\" width=\"50\" height=\"64\"><\/div>\n<div>Confiance &amp; Estime de soi<\/div>\n<div>Communication non violente<\/div>\n<div>&nbsp;<\/div>\n<div>&nbsp;<\/div>\n<div><img decoding=\"async\" loading=\"lazy\" class=\"size-full wp-image-396 alignleft\" src=\"https:\/\/associationsara.com\/wp-content\/uploads\/2020\/05\/fleche-e1675791860599.png\" alt=\"une fl\u00e9che pour pointer le texte\" width=\"50\" height=\"64\"><\/div>\n<div>&nbsp;<\/div>\n<div>Lever les freins et trouver les ressources pour favoriser le retour \u00e0 l&#8217;emploi<\/div>\n<h1><strong><span style=\"font-size: 15px;\">Face \u00e0 la fatigue, la sophrologie, un outil pour pr\u00e9parer son retour sereinement&nbsp;<\/span><\/strong><\/h1>\n<div>Au sein du m\u00e9dip\u00f4le Lyon &#8211; Villeurbanne, partenaire de l&rsquo;association. Nous organisons un programme d&rsquo;accompagnement de sophrologie et de coaching pour am\u00e9liorer la qualit\u00e9 de vie de patients en oncologie souffrant de fatigue chronique ou intense.&nbsp;<\/div>\n<div>&nbsp;<\/div><div>\n<!--[if lt IE 9]><script>document.createElement('video');<\/script><![endif]-->\n\t<div class=\"wp-playlist wp-video-playlist wp-playlist-light\">\n\t\t<video controls=\"controls\" preload=\"none\" width=\"938\"\n\t\t height=\"528\"\t><\/video>\n\t<div class=\"wp-playlist-next\"><\/div>\n\t<div class=\"wp-playlist-prev\"><\/div>\n\t<noscript>\n\t<ol>\n\t\t<li><a href='https:\/\/associationsara.com\/wp-content\/uploads\/2024\/05\/6dd2ae55-91daf898.mp4'>Face \u00e0 la Fatigue<\/a><\/li>\t<\/ol>\n\t<\/noscript>\n\t<script type=\"application\/json\" class=\"wp-playlist-script\">{\"type\":\"video\",\"tracklist\":true,\"tracknumbers\":true,\"images\":true,\"artists\":true,\"tracks\":[{\"src\":\"https:\\\/\\\/associationsara.com\\\/wp-content\\\/uploads\\\/2024\\\/05\\\/6dd2ae55-91daf898.mp4\",\"type\":\"video\\\/mp4\",\"title\":\"Face \\u00e0 la Fatigue\",\"caption\":\"Programme d'accompagnement pendant et apr\\u00e8s un cancer\",\"description\":\"\",\"meta\":[],\"dimensions\":{\"original\":{\"width\":1280,\"height\":720},\"resized\":{\"width\":938,\"height\":528}},\"image\":{\"src\":\"https:\\\/\\\/associationsara.com\\\/wp-includes\\\/images\\\/media\\\/video.png\",\"width\":48,\"height\":64},\"thumb\":{\"src\":\"https:\\\/\\\/associationsara.com\\\/wp-includes\\\/images\\\/media\\\/video.png\",\"width\":48,\"height\":64}}]}<\/script>\n<\/div>\n\t\n<\/div>\t\t\t\t\t\t<\/div>\n\t\t\t\t<\/div>\n\t\t\t\t\t<\/div>\n\t\t<\/div>\n\t\t\t\t\t\t\t<\/div>\n\t\t<\/section>\n\t\t\t\t<section class=\"elementor-section elementor-top-section elementor-element elementor-element-1e5606b elementor-section-boxed elementor-section-height-default elementor-section-height-default\" data-id=\"1e5606b\" data-element_type=\"section\">\n\t\t\t\t\t\t<div class=\"elementor-container elementor-column-gap-default\">\n\t\t\t\t\t<div class=\"elementor-column elementor-col-100 elementor-top-column elementor-element elementor-element-86911f7\" data-id=\"86911f7\" data-element_type=\"column\">\n\t\t\t<div class=\"elementor-widget-wrap elementor-element-populated\">\n\t\t\t\t\t\t\t\t<div class=\"elementor-element elementor-element-0f503cf elementor-widget elementor-widget-text-editor\" data-id=\"0f503cf\" data-element_type=\"widget\" data-widget_type=\"text-editor.default\">\n\t\t\t\t<div class=\"elementor-widget-container\">\n\t\t\t\t\t\t\t<div><strong style=\"color: var( --e-global-color-text ); font-family: var( --e-global-typography-text-font-family ), Sans-serif; letter-spacing: 0px; font-size: 16px;\">Pour contribuer et permettre \u00e0 d&rsquo;autres de pouvoir aussi suivre ces cycles d&rsquo;accompagnement, nous demandons une participation sous forme de don libre.\u00a0<\/strong><span style=\"font-size: 16px; color: var( --e-global-color-text ); font-family: var( --e-global-typography-text-font-family ), Sans-serif; letter-spacing: 0px;\">Plus d&rsquo;info : alexandra.jover@associationsara.com<\/span><\/div>\t\t\t\t\t\t<\/div>\n\t\t\t\t<\/div>\n\t\t\t\t<div class=\"elementor-element elementor-element-7930fab elementor-widget elementor-widget-button\" data-id=\"7930fab\" data-element_type=\"widget\" data-widget_type=\"button.default\">\n\t\t\t\t<div class=\"elementor-widget-container\">\n\t\t\t\t\t<div class=\"elementor-button-wrapper\">\n\t\t\t<a class=\"elementor-button elementor-button-link elementor-size-sm\" href=\"https:\/\/www.helloasso.com\/associations\/association-sara\/formulaires\/1\">\n\t\t\t\t\t\t<span class=\"elementor-button-content-wrapper\">\n\t\t\t\t\t\t<span class=\"elementor-button-text\">Faire un don libre<\/span>\n\t\t<\/span>\n\t\t\t\t\t<\/a>\n\t\t<\/div>\n\t\t\t\t<\/div>\n\t\t\t\t<\/div>\n\t\t\t\t\t<\/div>\n\t\t<\/div>\n\t\t\t\t\t\t\t<\/div>\n\t\t<\/section>\n\t\t\t\t<section class=\"elementor-section elementor-top-section elementor-element elementor-element-d3084cb elementor-section-boxed elementor-section-height-default elementor-section-height-default\" data-id=\"d3084cb\" data-element_type=\"section\">\n\t\t\t\t\t\t<div class=\"elementor-container elementor-column-gap-default\">\n\t\t\t\t\t<div class=\"elementor-column elementor-col-33 elementor-top-column elementor-element elementor-element-09718e9\" data-id=\"09718e9\" data-element_type=\"column\">\n\t\t\t<div class=\"elementor-widget-wrap elementor-element-populated\">\n\t\t\t\t\t\t\t\t<div class=\"elementor-element elementor-element-bba0e4d elementor-widget elementor-widget-image\" data-id=\"bba0e4d\" data-element_type=\"widget\" data-widget_type=\"image.default\">\n\t\t\t\t<div class=\"elementor-widget-container\">\n\t\t\t\t\t\t\t\t\t\t\t\t\t\t\t<img decoding=\"async\" loading=\"lazy\" width=\"886\" height=\"591\" src=\"https:\/\/associationsara.com\/wp-content\/uploads\/2020\/05\/1vieALM-02.jpg\" class=\"attachment-large size-large wp-image-461\" alt=\"\" srcset=\"https:\/\/associationsara.com\/wp-content\/uploads\/2020\/05\/1vieALM-02.jpg 886w, https:\/\/associationsara.com\/wp-content\/uploads\/2020\/05\/1vieALM-02-300x200.jpg 300w, https:\/\/associationsara.com\/wp-content\/uploads\/2020\/05\/1vieALM-02-768x512.jpg 768w\" sizes=\"(max-width: 886px) 100vw, 886px\" \/>\t\t\t\t\t\t\t\t\t\t\t\t\t\t\t<\/div>\n\t\t\t\t<\/div>\n\t\t\t\t\t<\/div>\n\t\t<\/div>\n\t\t\t\t<div class=\"elementor-column elementor-col-33 elementor-top-column elementor-element elementor-element-d7a9af5\" data-id=\"d7a9af5\" data-element_type=\"column\">\n\t\t\t<div class=\"elementor-widget-wrap elementor-element-populated\">\n\t\t\t\t\t\t\t\t<div class=\"elementor-element elementor-element-8b87455 elementor-widget elementor-widget-image\" data-id=\"8b87455\" data-element_type=\"widget\" data-widget_type=\"image.default\">\n\t\t\t\t<div class=\"elementor-widget-container\">\n\t\t\t\t\t\t\t\t\t\t\t\t\t\t\t<img decoding=\"async\" loading=\"lazy\" width=\"886\" height=\"591\" src=\"https:\/\/associationsara.com\/wp-content\/uploads\/2020\/05\/1vieALM-01.jpg\" class=\"attachment-large size-large wp-image-460\" alt=\"\" srcset=\"https:\/\/associationsara.com\/wp-content\/uploads\/2020\/05\/1vieALM-01.jpg 886w, https:\/\/associationsara.com\/wp-content\/uploads\/2020\/05\/1vieALM-01-300x200.jpg 300w, https:\/\/associationsara.com\/wp-content\/uploads\/2020\/05\/1vieALM-01-768x512.jpg 768w\" sizes=\"(max-width: 886px) 100vw, 886px\" \/>\t\t\t\t\t\t\t\t\t\t\t\t\t\t\t<\/div>\n\t\t\t\t<\/div>\n\t\t\t\t\t<\/div>\n\t\t<\/div>\n\t\t\t\t<div class=\"elementor-column elementor-col-33 elementor-top-column elementor-element elementor-element-c226cdc\" data-id=\"c226cdc\" data-element_type=\"column\">\n\t\t\t<div class=\"elementor-widget-wrap elementor-element-populated\">\n\t\t\t\t\t\t\t\t<div class=\"elementor-element elementor-element-8392ccb elementor-widget elementor-widget-image\" data-id=\"8392ccb\" data-element_type=\"widget\" data-widget_type=\"image.default\">\n\t\t\t\t<div class=\"elementor-widget-container\">\n\t\t\t\t\t\t\t\t\t\t\t\t\t\t\t<img decoding=\"async\" loading=\"lazy\" width=\"886\" height=\"591\" src=\"https:\/\/associationsara.com\/wp-content\/uploads\/2020\/05\/1vieALM-03.jpg\" class=\"attachment-large size-large wp-image-462\" alt=\"\" srcset=\"https:\/\/associationsara.com\/wp-content\/uploads\/2020\/05\/1vieALM-03.jpg 886w, https:\/\/associationsara.com\/wp-content\/uploads\/2020\/05\/1vieALM-03-300x200.jpg 300w, https:\/\/associationsara.com\/wp-content\/uploads\/2020\/05\/1vieALM-03-768x512.jpg 768w\" sizes=\"(max-width: 886px) 100vw, 886px\" \/>\t\t\t\t\t\t\t\t\t\t\t\t\t\t\t<\/div>\n\t\t\t\t<\/div>\n\t\t\t\t\t<\/div>\n\t\t<\/div>\n\t\t\t\t\t\t\t<\/div>\n\t\t<\/section>\n\t\t\t\t\t\t\t<\/div>\n\t\t","protected":false},"excerpt":{"rendered":"<p>LES CYCLES D&rsquo;ACCOMPAGNEMENT INDIVIDUEL Ces cycles d&rsquo;accompagnement sont propos\u00e9es \u00e0 tous ceux qui dans leur parcours de vie ont connu une rupture, une maladie, un traumatisme.&nbsp; Plusieurs types d&rsquo;accompagnements peuvent \u00eatre propos\u00e9s. Tous nos accompagnements sont adapt\u00e9s en fonctions des probl\u00e9matiques et besoins de chacun.&nbsp;&nbsp; Ils r\u00e9pondent aux objectifs suivants : Travailler sur les \u00e9motions avec l&rsquo;intelligence \u00e9motionnelle Se donner de la valeur,&nbsp; structurer ses pens\u00e9es, reconna\u00eetre ses besoins&nbsp; Trouver ses ressources Structurer et organiser son retour &#8211; ou &#8211; sa recherche d&#8217;emploi&nbsp; Trouver un \u00e9quilibre entre vie personnelle et professionnelle Favoriser la communication avec autrui&nbsp; T\u00e9moignages : Pour contribuer et permettre \u00e0 d&rsquo;autres de pouvoir aussi suivre ces cycles d&rsquo;accompagnement, nous demandons une participation sous forme de don libre. Vous \u00eates un proche, vous pouvez faire un DON cadeau &#8211;\u00a0Plus d&rsquo;info : alexandra.jover@associationsara.com\u00a0 Faire un don libre LES CYCLES D&rsquo;ACCOMPAGNEMENT COLLECTIF Nous organisons en fonction de la demande, des ateliers collectifs sur les th\u00e8mes suivants. Certains ateliers se font directement dans les centres hospitaliers lyonnais ou alentours. Certains peuvent se faire \u00e0 distance, via notre plateforme partenaire UniVers K by Kolivi. &nbsp; Confiance &amp; Estime de soi Communication non violente &nbsp; &nbsp; &nbsp; Lever les freins et trouver les ressources pour favoriser le retour \u00e0 l&#8217;emploi Face \u00e0 la fatigue, la sophrologie, un outil pour pr\u00e9parer son retour sereinement&nbsp; Au sein du m\u00e9dip\u00f4le Lyon &#8211; Villeurbanne, partenaire de l&rsquo;association. Nous organisons un programme d&rsquo;accompagnement de sophrologie et de coaching pour am\u00e9liorer la qualit\u00e9 de vie de patients en oncologie souffrant de fatigue chronique ou intense.&nbsp; &nbsp; Pour contribuer et permettre \u00e0 d&rsquo;autres de pouvoir aussi suivre ces cycles d&rsquo;accompagnement, nous demandons une participation sous forme de don libre.\u00a0Plus d&rsquo;info : alexandra.jover@associationsara.com Faire un don libre<\/p>\n","protected":false},"author":1,"featured_media":0,"parent":0,"menu_order":0,"comment_status":"closed","ping_status":"closed","template":"","meta":{"footnotes":""},"_links":{"self":[{"href":"https:\/\/associationsara.com\/index.php?rest_route=\/wp\/v2\/pages\/62"}],"collection":[{"href":"https:\/\/associationsara.com\/index.php?rest_route=\/wp\/v2\/pages"}],"about":[{"href":"https:\/\/associationsara.com\/index.php?rest_route=\/wp\/v2\/types\/page"}],"author":[{"embeddable":true,"href":"https:\/\/associationsara.com\/index.php?rest_route=\/wp\/v2\/users\/1"}],"replies":[{"embeddable":true,"href":"https:\/\/associationsara.com\/index.php?rest_route=%2Fwp%2Fv2%2Fcomments&post=62"}],"version-history":[{"count":137,"href":"https:\/\/associationsara.com\/index.php?rest_route=\/wp\/v2\/pages\/62\/revisions"}],"predecessor-version":[{"id":1059,"href":"https:\/\/associationsara.com\/index.php?rest_route=\/wp\/v2\/pages\/62\/revisions\/1059"}],"wp:attachment":[{"href":"https:\/\/associationsara.com\/index.php?rest_route=%2Fwp%2Fv2%2Fmedia&parent=62"}],"curies":[{"name":"wp","href":"https:\/\/api.w.org\/{rel}","templated":true}]}}