{"id":56,"date":"2020-04-16T17:12:57","date_gmt":"2020-04-16T15:12:57","guid":{"rendered":"http:\/\/associationsara.com\/?page_id=56"},"modified":"2026-01-27T10:18:02","modified_gmt":"2026-01-27T09:18:02","slug":"notre-histoire","status":"publish","type":"page","link":"https:\/\/associationsara.com\/?page_id=56","title":{"rendered":"Notre histoire"},"content":{"rendered":"\t\t<div data-elementor-type=\"wp-page\" data-elementor-id=\"56\" class=\"elementor elementor-56\">\n\t\t\t\t\t\t\t\t\t<section class=\"elementor-section elementor-top-section elementor-element elementor-element-aa66522 elementor-section-boxed elementor-section-height-default elementor-section-height-default\" data-id=\"aa66522\" data-element_type=\"section\">\n\t\t\t\t\t\t<div class=\"elementor-container elementor-column-gap-default\">\n\t\t\t\t\t<div class=\"elementor-column elementor-col-100 elementor-top-column elementor-element elementor-element-5b87a78\" data-id=\"5b87a78\" data-element_type=\"column\">\n\t\t\t<div class=\"elementor-widget-wrap elementor-element-populated\">\n\t\t\t\t\t\t\t\t<div class=\"elementor-element elementor-element-c55ebd7 elementor-widget__width-initial elementor-widget elementor-widget-text-editor\" data-id=\"c55ebd7\" data-element_type=\"widget\" data-widget_type=\"text-editor.default\">\n\t\t\t\t<div class=\"elementor-widget-container\">\n\t\t\t\t\t\t\t<blockquote><p style=\"text-align: center;\">\u00ab Une fois que tu es sur TON chemin et que tu l&rsquo;as trouv\u00e9, tu verras que tout se trace, comme une \u00e9vidence.<br \/>C&rsquo;est la loi de l&rsquo;attractivit\u00e9, et \u00e7a fonctionne vraiment, du moment que tu es en accord avec toi m\u00eame \ud83d\ude09\u00a0\u00bb<\/p><p style=\"text-align: center;\">Sara La Rizza<\/p><\/blockquote><h2>\u00a0<\/h2><h2>NOTRE HISTOIRE<\/h2><p>L\u2019histoire de l\u2019association SARA est avant tout une histoire d&rsquo; d\u2019amiti\u00e9, de courage et d&rsquo;amour.<\/p><p>\u00c0 l\u2019origine, il y a <strong>Sara<\/strong>, ce pr\u00e9nom qui continue de r\u00e9sonner. Une amie rencontr\u00e9e sur les bancs du lyc\u00e9e, insouciante, lumineuse, pleine de projets. Jamais nous n\u2019aurions imagin\u00e9 que, quinze ans plus tard, la maladie viendrait bouleverser nos vies et redessiner nos chemins.<\/p><p>Le cancer a frapp\u00e9 Sara \u00e0 la veille de ses 26 ans. Oui, il est possible d\u2019avoir un cancer \u00e0 26 ans. La maladie ne pr\u00e9vient pas, ne choisit ni l\u2019\u00e2ge ni le parcours, et s\u2019invite sans y avoir \u00e9t\u00e9 convi\u00e9e. L\u2019accompagner dans ce combat, la voir se battre jour apr\u00e8s jour, examen apr\u00e8s examen, avec une force et une envie de vivre hors du commun, a profond\u00e9ment transform\u00e9 notre regard sur la vie.<\/p><p>De cette \u00e9preuve est n\u00e9 un message essentiel, presque vital : <strong>vivre pendant la maladie pour celles et ceux qui la traversent, et vivre pleinement apr\u00e8s pour celles et ceux qui s\u2019en sortent.<\/strong><\/p><p>Le projet <strong>SARA<\/strong> est n\u00e9 \u00e0 ses c\u00f4t\u00e9s. Sara a \u00e9t\u00e9 une boussole. Elle a montr\u00e9 le chemin, insuffl\u00e9 l\u2019\u00e9lan, donn\u00e9 le sens. L\u2019association porte son pr\u00e9nom, mais surtout ses valeurs : l\u2019espoir, la force la reconstruction.<\/p><p>Quelques ann\u00e9es plus tard, une autre femme a repris ce flambeau avec une d\u00e9termination et une humanit\u00e9 immenses : <strong>Ana\u00efs<\/strong>, notre ch\u00e8re pr\u00e9sidente.<\/p><p>Ana\u00efs a incarn\u00e9 SARA avec son c\u0153ur, son \u00e9nergie et sa sinc\u00e9rit\u00e9. Elle savait, dans sa chair et dans son histoire, ce que la maladie enl\u00e8ve\u2026 mais aussi ce qu\u2019elle peut r\u00e9v\u00e9ler. Touch\u00e9e elle aussi par un <strong>cancer du sein m\u00e9tastatique<\/strong>, elle a poursuivi le combat bien au\u2011del\u00e0 d\u2019elle\u2011m\u00eame, transformant son v\u00e9cu en engagement pour les autres.<\/p><p>Jusqu\u2019au bout, Ana\u00efs a port\u00e9 la voix de SARA : celle des personnes atteintes de cancer qui veulent continuer \u00e0 exister professionnellement, se projeter, retrouver leur place ou en inventer une nouvelle. Son d\u00e9part laisse un vide immense, mais son h\u00e9ritage est vivant, profond\u00e9ment ancr\u00e9 dans chaque action de l\u2019association.<\/p><h3>Notre mission<\/h3><p>L\u2019association SARA a pour vocation <strong>d\u2019accompagner, coacher et pr\u00e9parer<\/strong> les personnes touch\u00e9es par un cancer \u00e0 :<\/p><ul data-spread=\"false\"><li><p>retrouver un emploi,<\/p><\/li><li><p>reconstruire un projet professionnel,<\/p><\/li><li><p>ou r\u00e9inventer leur avenir apr\u00e8s la maladie.<\/p><\/li><\/ul><p>Parce que l\u2019on ne sort jamais indemne d\u2019un cancer. Parce que l\u2019on peut en sortir profond\u00e9ment chang\u00e9. Et parce que <strong>le cancer est unique, l\u2019accompagnement vers la reconstruction professionnelle doit l\u2019\u00eatre tout autant<\/strong>.<\/p><p>Nous \u0153uvrons \u00e9galement aupr\u00e8s des <strong>entreprises, des managers et des \u00e9quipes<\/strong>, pour sensibiliser, former et ouvrir le dialogue. Car non, \u00ab ce n\u2019est pas juste un cancer du sein \u00bb. C\u2019est souvent la perte d\u2019une partie de soi, une estime fragilis\u00e9e, des mois de traitements, de fatigue, de douleur, et des ann\u00e9es de vie mises entre parenth\u00e8ses.<\/p><p>Accompagner les personnes malades, c\u2019est aussi aider le monde du travail \u00e0 mieux comprendre, accueillir et soutenir. La bienveillance et l\u2019\u00e9coute s\u2019apprennent, et elles sont indispensables.<\/p><p>Aujourd\u2019hui, SARA continue d\u2019avancer.<\/p><p>J\u2019avance avec une <strong>promesse<\/strong>.<\/p><p>La promesse que les voix de <strong>Sara<\/strong> et d\u2019<strong>Ana\u00efs<\/strong> ne s\u2019\u00e9teindront jamais. Qu\u2019elles continueront de r\u00e9sonner \u00e0 travers chaque accompagnement, chaque rencontre, chaque personne soutenue sur le chemin de la reconstruction.<\/p><p>Parce que <strong>chaque vie compte<\/strong>. Parce que chaque parcours m\u00e9rite d\u2019\u00eatre entendu, respect\u00e9 et accompagn\u00e9 avec justesse et humanit\u00e9.<\/p><p>Je veux que l\u2019association SARA rappelle, chaque jour, que derri\u00e8re un diagnostic, il y a une personne, une histoire, des comp\u00e9tences, des r\u00eaves encore possibles.<\/p><p>Et tant que SARA vivra, <strong>leurs voix continueront de r\u00e9sonn<\/strong><strong>er<\/strong> \u2014 comme un \u00e9cho de courage, d\u2019espoir et de transmissio<\/p>\t\t\t\t\t\t<\/div>\n\t\t\t\t<\/div>\n\t\t\t\t\t<\/div>\n\t\t<\/div>\n\t\t\t\t\t\t\t<\/div>\n\t\t<\/section>\n\t\t\t\t<section class=\"elementor-section elementor-top-section elementor-element elementor-element-e26fd8c elementor-section-boxed elementor-section-height-default elementor-section-height-default\" data-id=\"e26fd8c\" data-element_type=\"section\">\n\t\t\t\t\t\t<div class=\"elementor-container elementor-column-gap-default\">\n\t\t\t\t\t<div class=\"elementor-column elementor-col-100 elementor-top-column elementor-element elementor-element-63263b9\" data-id=\"63263b9\" data-element_type=\"column\">\n\t\t\t<div class=\"elementor-widget-wrap elementor-element-populated\">\n\t\t\t\t\t\t\t\t<div class=\"elementor-element elementor-element-d71698e elementor-widget elementor-widget-spacer\" data-id=\"d71698e\" data-element_type=\"widget\" data-widget_type=\"spacer.default\">\n\t\t\t\t<div class=\"elementor-widget-container\">\n\t\t\t\t\t<div class=\"elementor-spacer\">\n\t\t\t<div class=\"elementor-spacer-inner\"><\/div>\n\t\t<\/div>\n\t\t\t\t<\/div>\n\t\t\t\t<\/div>\n\t\t\t\t\t<\/div>\n\t\t<\/div>\n\t\t\t\t\t\t\t<\/div>\n\t\t<\/section>\n\t\t\t\t<section class=\"elementor-section elementor-top-section elementor-element elementor-element-280eb12 elementor-section-boxed elementor-section-height-default elementor-section-height-default\" data-id=\"280eb12\" data-element_type=\"section\">\n\t\t\t\t\t\t<div class=\"elementor-container elementor-column-gap-default\">\n\t\t\t\t\t<div class=\"elementor-column elementor-col-100 elementor-top-column elementor-element elementor-element-f8e940c\" data-id=\"f8e940c\" data-element_type=\"column\">\n\t\t\t<div class=\"elementor-widget-wrap elementor-element-populated\">\n\t\t\t\t\t\t\t\t<div class=\"elementor-element elementor-element-2fc172f elementor-widget elementor-widget-menu-anchor\" data-id=\"2fc172f\" data-element_type=\"widget\" data-widget_type=\"menu-anchor.default\">\n\t\t\t\t<div class=\"elementor-widget-container\">\n\t\t\t\t\t<div id=\"valeurs\" class=\"elementor-menu-anchor\"><\/div>\n\t\t\t\t<\/div>\n\t\t\t\t<\/div>\n\t\t\t\t\t<\/div>\n\t\t<\/div>\n\t\t\t\t\t\t\t<\/div>\n\t\t<\/section>\n\t\t\t\t<section class=\"elementor-section elementor-top-section elementor-element elementor-element-4974a43 elementor-section-boxed elementor-section-height-default elementor-section-height-default\" data-id=\"4974a43\" data-element_type=\"section\">\n\t\t\t\t\t\t<div class=\"elementor-container elementor-column-gap-default\">\n\t\t\t\t\t<div class=\"elementor-column elementor-col-100 elementor-top-column elementor-element elementor-element-07585d7\" data-id=\"07585d7\" data-element_type=\"column\">\n\t\t\t<div class=\"elementor-widget-wrap elementor-element-populated\">\n\t\t\t\t\t\t\t\t<div class=\"elementor-element elementor-element-b1601f1 elementor-widget elementor-widget-heading\" data-id=\"b1601f1\" data-element_type=\"widget\" data-widget_type=\"heading.default\">\n\t\t\t\t<div class=\"elementor-widget-container\">\n\t\t\t<h2 class=\"elementor-heading-title elementor-size-default\"><h2>NOS VALEURS<\/h2><\/h2>\t\t<\/div>\n\t\t\t\t<\/div>\n\t\t\t\t\t<\/div>\n\t\t<\/div>\n\t\t\t\t\t\t\t<\/div>\n\t\t<\/section>\n\t\t\t\t<section class=\"elementor-section elementor-top-section elementor-element elementor-element-05f5c4d elementor-section-boxed elementor-section-height-default elementor-section-height-default\" data-id=\"05f5c4d\" data-element_type=\"section\">\n\t\t\t\t\t\t<div class=\"elementor-container elementor-column-gap-default\">\n\t\t\t\t\t<div class=\"elementor-column elementor-col-33 elementor-top-column elementor-element elementor-element-cfb9152\" data-id=\"cfb9152\" data-element_type=\"column\">\n\t\t\t<div class=\"elementor-widget-wrap elementor-element-populated\">\n\t\t\t\t\t\t\t\t<div class=\"elementor-element elementor-element-5e63a8a elementor-widget elementor-widget-text-editor\" data-id=\"5e63a8a\" data-element_type=\"widget\" data-widget_type=\"text-editor.default\">\n\t\t\t\t<div class=\"elementor-widget-container\">\n\t\t\t\t\t\t\t<ul><li>La <strong>confiance &amp; l\u2019estime de soi <\/strong>sont essentiels pour se construire et \u00eatre <strong>\u00e9panoui <\/strong><\/li><li>Notre <strong>activit\u00e9 professionnelle en ad\u00e9quation avec nos valeurs <\/strong>est un levier indispensable pour qu\u2019elle soit durable &amp; efficace<\/li><li>\u00catre <strong>bienveillant<\/strong> avec soi m\u00eame et avec les autres<\/li><li><strong>Accepter &amp; respecter la diff\u00e9rence<\/strong>, elle est notre richesse<\/li><li>La <strong>collaboration<\/strong> permet de faire \u00e9merger de nouvelles id\u00e9es, de grandir et d\u2019avancer <strong>ensemble<\/strong> vers un objectif <strong>commun <\/strong><\/li><\/ul>\t\t\t\t\t\t<\/div>\n\t\t\t\t<\/div>\n\t\t\t\t\t<\/div>\n\t\t<\/div>\n\t\t\t\t<div class=\"elementor-column elementor-col-66 elementor-top-column elementor-element elementor-element-39a4465\" data-id=\"39a4465\" data-element_type=\"column\">\n\t\t\t<div class=\"elementor-widget-wrap elementor-element-populated\">\n\t\t\t\t\t\t\t\t<div class=\"elementor-element elementor-element-5ff9427 elementor-widget elementor-widget-image\" data-id=\"5ff9427\" data-element_type=\"widget\" data-widget_type=\"image.default\">\n\t\t\t\t<div class=\"elementor-widget-container\">\n\t\t\t\t\t\t\t\t\t\t\t\t\t\t\t<img decoding=\"async\" loading=\"lazy\" width=\"557\" height=\"543\" src=\"https:\/\/associationsara.com\/wp-content\/uploads\/2020\/05\/croix.png\" class=\"attachment-large size-large wp-image-395\" alt=\"\" srcset=\"https:\/\/associationsara.com\/wp-content\/uploads\/2020\/05\/croix.png 557w, https:\/\/associationsara.com\/wp-content\/uploads\/2020\/05\/croix-300x292.png 300w\" sizes=\"(max-width: 557px) 100vw, 557px\" \/>\t\t\t\t\t\t\t\t\t\t\t\t\t\t\t<\/div>\n\t\t\t\t<\/div>\n\t\t\t\t\t<\/div>\n\t\t<\/div>\n\t\t\t\t\t\t\t<\/div>\n\t\t<\/section>\n\t\t\t\t<section class=\"elementor-section elementor-top-section elementor-element elementor-element-8a55675 elementor-section-boxed elementor-section-height-default elementor-section-height-default\" data-id=\"8a55675\" data-element_type=\"section\">\n\t\t\t\t\t\t<div class=\"elementor-container elementor-column-gap-default\">\n\t\t\t\t\t<div class=\"elementor-column elementor-col-100 elementor-top-column elementor-element elementor-element-982ff88\" data-id=\"982ff88\" data-element_type=\"column\">\n\t\t\t<div class=\"elementor-widget-wrap elementor-element-populated\">\n\t\t\t\t\t\t\t\t<div class=\"elementor-element elementor-element-a141c9c elementor-widget elementor-widget-spacer\" data-id=\"a141c9c\" data-element_type=\"widget\" data-widget_type=\"spacer.default\">\n\t\t\t\t<div class=\"elementor-widget-container\">\n\t\t\t\t\t<div class=\"elementor-spacer\">\n\t\t\t<div class=\"elementor-spacer-inner\"><\/div>\n\t\t<\/div>\n\t\t\t\t<\/div>\n\t\t\t\t<\/div>\n\t\t\t\t\t<\/div>\n\t\t<\/div>\n\t\t\t\t\t\t\t<\/div>\n\t\t<\/section>\n\t\t\t\t<section class=\"elementor-section elementor-top-section elementor-element elementor-element-caa1db2 elementor-section-boxed elementor-section-height-default elementor-section-height-default\" data-id=\"caa1db2\" data-element_type=\"section\">\n\t\t\t\t\t\t<div class=\"elementor-container elementor-column-gap-default\">\n\t\t\t\t\t<div class=\"elementor-column elementor-col-100 elementor-top-column elementor-element elementor-element-184f717\" data-id=\"184f717\" data-element_type=\"column\">\n\t\t\t<div class=\"elementor-widget-wrap elementor-element-populated\">\n\t\t\t\t\t\t\t\t<div class=\"elementor-element elementor-element-be88000 elementor-widget elementor-widget-menu-anchor\" data-id=\"be88000\" data-element_type=\"widget\" data-widget_type=\"menu-anchor.default\">\n\t\t\t\t<div class=\"elementor-widget-container\">\n\t\t\t\t\t<div id=\"equipe\" class=\"elementor-menu-anchor\"><\/div>\n\t\t\t\t<\/div>\n\t\t\t\t<\/div>\n\t\t\t\t\t<\/div>\n\t\t<\/div>\n\t\t\t\t\t\t\t<\/div>\n\t\t<\/section>\n\t\t\t\t<section class=\"elementor-section elementor-top-section elementor-element elementor-element-448b9c1 elementor-section-boxed elementor-section-height-default elementor-section-height-default\" data-id=\"448b9c1\" data-element_type=\"section\">\n\t\t\t\t\t\t<div class=\"elementor-container elementor-column-gap-default\">\n\t\t\t\t\t<div class=\"elementor-column elementor-col-100 elementor-top-column elementor-element elementor-element-36df91d\" data-id=\"36df91d\" data-element_type=\"column\">\n\t\t\t<div class=\"elementor-widget-wrap elementor-element-populated\">\n\t\t\t\t\t\t\t\t<div class=\"elementor-element elementor-element-e893d4b elementor-widget elementor-widget-heading\" data-id=\"e893d4b\" data-element_type=\"widget\" data-widget_type=\"heading.default\">\n\t\t\t\t<div class=\"elementor-widget-container\">\n\t\t\t<h2 class=\"elementor-heading-title elementor-size-default\"><h2>NOTRE EQUIPE<\/h2><\/h2>\t\t<\/div>\n\t\t\t\t<\/div>\n\t\t\t\t\t<\/div>\n\t\t<\/div>\n\t\t\t\t\t\t\t<\/div>\n\t\t<\/section>\n\t\t\t\t<section class=\"elementor-section elementor-top-section elementor-element elementor-element-e67194d elementor-section-boxed elementor-section-height-default elementor-section-height-default\" data-id=\"e67194d\" data-element_type=\"section\">\n\t\t\t\t\t\t<div class=\"elementor-container elementor-column-gap-default\">\n\t\t\t\t\t<div class=\"elementor-column elementor-col-100 elementor-top-column elementor-element elementor-element-5d22358\" data-id=\"5d22358\" data-element_type=\"column\">\n\t\t\t<div class=\"elementor-widget-wrap elementor-element-populated\">\n\t\t\t\t\t\t\t\t<div class=\"elementor-element elementor-element-e454ad6 elementor-widget elementor-widget-text-editor\" data-id=\"e454ad6\" data-element_type=\"widget\" data-widget_type=\"text-editor.default\">\n\t\t\t\t<div class=\"elementor-widget-container\">\n\t\t\t\t\t\t\t<p><strong>Alexandra Jover, <\/strong>d\u00e9l\u00e9gu\u00e9e g\u00e9n\u00e9rale \u2013 fondatrice<\/p><p><span style=\"text-decoration: underline;\"><strong>Comit\u00e9 \u00e9thique et de r\u00e9flexion<\/strong><\/span><\/p><p><strong>Nadia La Rizza, <\/strong>psychologue du travail\u00a0<\/p><p><strong>Julie Bierge,<\/strong> intervenante sp\u00e9cialis\u00e9e bien-\u00eatre \u2013 gestion des \u00e9motions- organisation, b\u00e9n\u00e9vole<\/p><p><strong>Philippe Lefevre, <\/strong>responsable commercial,\u00a0b\u00e9n\u00e9vole<\/p><p>\u00a0<\/p><p><span style=\"text-decoration: underline;\"><strong>B\u00e9n\u00e9voles\u00a0<\/strong><\/span><\/p><p><strong>Mattieu Faure,<\/strong> directeur artistique<\/p><p><strong>Loan Giffard,<\/strong> webmaster<\/p><p>\u00a0<\/p><p><strong><u>Membrew du bureau\u00a0: <\/u><\/strong><\/p><p><strong>Ana\u00efs Chambosse, <\/strong>pr\u00e9sidente<\/p><p><strong>Marjorie Rivolta,<\/strong> vice-pr\u00e9sidente<\/p><p><strong style=\"font-style: italic; letter-spacing: 0px;\">Pauline Khaznadji,<\/strong><span style=\"font-style: italic; letter-spacing: 0px;\">\u00a0tr\u00e9soriere<\/span><\/p>\t\t\t\t\t\t<\/div>\n\t\t\t\t<\/div>\n\t\t\t\t\t<\/div>\n\t\t<\/div>\n\t\t\t\t\t\t\t<\/div>\n\t\t<\/section>\n\t\t\t\t\t\t\t<\/div>\n\t\t","protected":false},"excerpt":{"rendered":"<p>\u00ab Une fois que tu es sur TON chemin et que tu l&rsquo;as trouv\u00e9, tu verras que tout se trace, comme une \u00e9vidence.C&rsquo;est la loi de l&rsquo;attractivit\u00e9, et \u00e7a fonctionne vraiment, du moment que tu es en accord avec toi m\u00eame \ud83d\ude09\u00a0\u00bb Sara La Rizza \u00a0 NOTRE HISTOIRE L\u2019histoire de l\u2019association SARA est avant tout une histoire d&rsquo; d\u2019amiti\u00e9, de courage et d&rsquo;amour. \u00c0 l\u2019origine, il y a Sara, ce pr\u00e9nom qui continue de r\u00e9sonner. Une amie rencontr\u00e9e sur les bancs du lyc\u00e9e, insouciante, lumineuse, pleine de projets. Jamais nous n\u2019aurions imagin\u00e9 que, quinze ans plus tard, la maladie viendrait bouleverser nos vies et redessiner nos chemins. Le cancer a frapp\u00e9 Sara \u00e0 la veille de ses 26 ans. Oui, il est possible d\u2019avoir un cancer \u00e0 26 ans. La maladie ne pr\u00e9vient pas, ne choisit ni l\u2019\u00e2ge ni le parcours, et s\u2019invite sans y avoir \u00e9t\u00e9 convi\u00e9e. L\u2019accompagner dans ce combat, la voir se battre jour apr\u00e8s jour, examen apr\u00e8s examen, avec une force et une envie de vivre hors du commun, a profond\u00e9ment transform\u00e9 notre regard sur la vie. De cette \u00e9preuve est n\u00e9 un message essentiel, presque vital : vivre pendant la maladie pour celles et ceux qui la traversent, et vivre pleinement apr\u00e8s pour celles et ceux qui s\u2019en sortent. Le projet SARA est n\u00e9 \u00e0 ses c\u00f4t\u00e9s. Sara a \u00e9t\u00e9 une boussole. Elle a montr\u00e9 le chemin, insuffl\u00e9 l\u2019\u00e9lan, donn\u00e9 le sens. L\u2019association porte son pr\u00e9nom, mais surtout ses valeurs : l\u2019espoir, la force la reconstruction. Quelques ann\u00e9es plus tard, une autre femme a repris ce flambeau avec une d\u00e9termination et une humanit\u00e9 immenses : Ana\u00efs, notre ch\u00e8re pr\u00e9sidente. Ana\u00efs a incarn\u00e9 SARA avec son c\u0153ur, son \u00e9nergie et sa sinc\u00e9rit\u00e9. Elle savait, dans sa chair et dans son histoire, ce que la maladie enl\u00e8ve\u2026 mais aussi ce qu\u2019elle peut r\u00e9v\u00e9ler. Touch\u00e9e elle aussi par un cancer du sein m\u00e9tastatique, elle a poursuivi le combat bien au\u2011del\u00e0 d\u2019elle\u2011m\u00eame, transformant son v\u00e9cu en engagement pour les autres. Jusqu\u2019au bout, Ana\u00efs a port\u00e9 la voix de SARA : celle des personnes atteintes de cancer qui veulent continuer \u00e0 exister professionnellement, se projeter, retrouver leur place ou en inventer une nouvelle. Son d\u00e9part laisse un vide immense, mais son h\u00e9ritage est vivant, profond\u00e9ment ancr\u00e9 dans chaque action de l\u2019association. Notre mission L\u2019association SARA a pour vocation d\u2019accompagner, coacher et pr\u00e9parer les personnes touch\u00e9es par un cancer \u00e0 : retrouver un emploi, reconstruire un projet professionnel, ou r\u00e9inventer leur avenir apr\u00e8s la maladie. Parce que l\u2019on ne sort jamais indemne d\u2019un cancer. Parce que l\u2019on peut en sortir profond\u00e9ment chang\u00e9. Et parce que le cancer est unique, l\u2019accompagnement vers la reconstruction professionnelle doit l\u2019\u00eatre tout autant. Nous \u0153uvrons \u00e9galement aupr\u00e8s des entreprises, des managers et des \u00e9quipes, pour sensibiliser, former et ouvrir le dialogue. Car non, \u00ab ce n\u2019est pas juste un cancer du sein \u00bb. C\u2019est souvent la perte d\u2019une partie de soi, une estime fragilis\u00e9e, des mois de traitements, de fatigue, de douleur, et des ann\u00e9es de vie mises entre parenth\u00e8ses. Accompagner les personnes malades, c\u2019est aussi aider le monde du travail \u00e0 mieux comprendre, accueillir et soutenir. La bienveillance et l\u2019\u00e9coute s\u2019apprennent, et elles sont indispensables. Aujourd\u2019hui, SARA continue d\u2019avancer. J\u2019avance avec une promesse. La promesse que les voix de Sara et d\u2019Ana\u00efs ne s\u2019\u00e9teindront jamais. Qu\u2019elles continueront de r\u00e9sonner \u00e0 travers chaque accompagnement, chaque rencontre, chaque personne soutenue sur le chemin de la reconstruction. Parce que chaque vie compte. Parce que chaque parcours m\u00e9rite d\u2019\u00eatre entendu, respect\u00e9 et accompagn\u00e9 avec justesse et humanit\u00e9. Je veux que l\u2019association SARA rappelle, chaque jour, que derri\u00e8re un diagnostic, il y a une personne, une histoire, des comp\u00e9tences, des r\u00eaves encore possibles. Et tant que SARA vivra, leurs voix continueront de r\u00e9sonner \u2014 comme un \u00e9cho de courage, d\u2019espoir et de transmissio NOS VALEURS La confiance &amp; l\u2019estime de soi sont essentiels pour se construire et \u00eatre \u00e9panoui Notre activit\u00e9 professionnelle en ad\u00e9quation avec nos valeurs est un levier indispensable pour qu\u2019elle soit durable &amp; efficace \u00catre bienveillant avec soi m\u00eame et avec les autres Accepter &amp; respecter la diff\u00e9rence, elle est notre richesse La collaboration permet de faire \u00e9merger de nouvelles id\u00e9es, de grandir et d\u2019avancer ensemble vers un objectif commun NOTRE EQUIPE Alexandra Jover, d\u00e9l\u00e9gu\u00e9e g\u00e9n\u00e9rale \u2013 fondatrice Comit\u00e9 \u00e9thique et de r\u00e9flexion Nadia La Rizza, psychologue du travail\u00a0 Julie Bierge, intervenante sp\u00e9cialis\u00e9e bien-\u00eatre \u2013 gestion des \u00e9motions- organisation, b\u00e9n\u00e9vole Philippe Lefevre, responsable commercial,\u00a0b\u00e9n\u00e9vole \u00a0 B\u00e9n\u00e9voles\u00a0 Mattieu Faure, directeur artistique Loan Giffard, webmaster \u00a0 Membrew du bureau\u00a0: Ana\u00efs Chambosse, pr\u00e9sidente Marjorie Rivolta, vice-pr\u00e9sidente Pauline Khaznadji,\u00a0tr\u00e9soriere<\/p>\n","protected":false},"author":1,"featured_media":0,"parent":0,"menu_order":0,"comment_status":"closed","ping_status":"closed","template":"","meta":{"footnotes":""},"_links":{"self":[{"href":"https:\/\/associationsara.com\/index.php?rest_route=\/wp\/v2\/pages\/56"}],"collection":[{"href":"https:\/\/associationsara.com\/index.php?rest_route=\/wp\/v2\/pages"}],"about":[{"href":"https:\/\/associationsara.com\/index.php?rest_route=\/wp\/v2\/types\/page"}],"author":[{"embeddable":true,"href":"https:\/\/associationsara.com\/index.php?rest_route=\/wp\/v2\/users\/1"}],"replies":[{"embeddable":true,"href":"https:\/\/associationsara.com\/index.php?rest_route=%2Fwp%2Fv2%2Fcomments&post=56"}],"version-history":[{"count":35,"href":"https:\/\/associationsara.com\/index.php?rest_route=\/wp\/v2\/pages\/56\/revisions"}],"predecessor-version":[{"id":1089,"href":"https:\/\/associationsara.com\/index.php?rest_route=\/wp\/v2\/pages\/56\/revisions\/1089"}],"wp:attachment":[{"href":"https:\/\/associationsara.com\/index.php?rest_route=%2Fwp%2Fv2%2Fmedia&parent=56"}],"curies":[{"name":"wp","href":"https:\/\/api.w.org\/{rel}","templated":true}]}}